{"id":2,"date":"2023-12-17T16:54:19","date_gmt":"2023-12-17T15:54:19","guid":{"rendered":"http:\/\/cineclubsablon.fr\/?page_id=2"},"modified":"2024-02-26T19:40:17","modified_gmt":"2024-02-26T18:40:17","slug":"page-d-exemple","status":"publish","type":"page","link":"https:\/\/cineclubsablon.fr\/?page_id=2","title":{"rendered":"S\u00e9ance du 3 mars 2024 : Billy Elliot"},"content":{"rendered":"\n<p>Film\u00a0de\u00a0<a href=\"https:\/\/www.senscritique.com\/contact\/Stephen_Daldry\/33491\">Stephen Daldry<\/a>\u00a0\u00b7 1 h 50 min\u00a0\u00b7 2000 &#8211; conseill\u00e9 \u00e0 partir de 10 ans <\/p>\n\n\n\n<h5 class=\"wp-block-heading\"><strong>Billy, onze ans, d\u00e9couvre avec surprise qu\u2019un cours de danse partage d\u00e9sormais les m\u00eames locaux que son club de boxe. D\u2019abord effar\u00e9, il est vite fascin\u00e9 par la magie de la gestuelle et abandonne ses gants de cuir. Son talent est \u00e9vident mais son p\u00e8re et son fr\u00e8re, mineurs en gr\u00e8ve, explosent lorsqu\u2019ils d\u00e9couvrent comment Billy d\u00e9pense l\u2019argent si durement gagn\u00e9.<\/strong><\/h5>\n\n\n\n<figure class=\"wp-block-image size-large\"><img loading=\"lazy\" decoding=\"async\" width=\"724\" height=\"1024\" src=\"https:\/\/cineclubsablon.fr\/wp-content\/uploads\/2024\/02\/CineClub-Billy-Elliot-724x1024.png\" alt=\"\" class=\"wp-image-29\" srcset=\"https:\/\/cineclubsablon.fr\/wp-content\/uploads\/2024\/02\/CineClub-Billy-Elliot-724x1024.png 724w, https:\/\/cineclubsablon.fr\/wp-content\/uploads\/2024\/02\/CineClub-Billy-Elliot-212x300.png 212w, https:\/\/cineclubsablon.fr\/wp-content\/uploads\/2024\/02\/CineClub-Billy-Elliot-768x1086.png 768w, https:\/\/cineclubsablon.fr\/wp-content\/uploads\/2024\/02\/CineClub-Billy-Elliot-1086x1536.png 1086w, https:\/\/cineclubsablon.fr\/wp-content\/uploads\/2024\/02\/CineClub-Billy-Elliot.png 1414w\" sizes=\"auto, (max-width: 724px) 100vw, 724px\" \/><\/figure>\n\n\n\n<blockquote class=\"wp-block-quote has-text-align-left is-layout-flow wp-block-quote-is-layout-flow\">\n<p class=\"has-text-align-left\">Le film, extr\u00eamement fluide, alternant avec un art concert\u00e9 s\u00e9quences comiques et dramatiques, est plus retors dans ses arri\u00e8re-pens\u00e9es que l&#8217;ordinaire du cin\u00e9ma anglais.<\/p>\n<cite>Lib\u00e9ration<\/cite><\/blockquote>\n\n\n\n<blockquote class=\"wp-block-quote is-layout-flow wp-block-quote-is-layout-flow\">\n<p>Malgr\u00e9 quelques plans d&#8217;une joliesse un peu trop sucr\u00e9e, on ne r\u00e9siste pas \u00e0 ce film d\u00e9bordant de vitalit\u00e9 et de g\u00e9n\u00e9rosit\u00e9.<\/p>\n<cite>Le Figaroscope<\/cite><\/blockquote>\n","protected":false},"excerpt":{"rendered":"<p class=\"text-justify\">Film\u00a0de\u00a0Stephen Daldry\u00a0\u00b7 1 h 50 min\u00a0\u00b7 2000 &#8211; conseill\u00e9 \u00e0 partir de 10 ans Billy, onze ans, d\u00e9couvre avec surprise qu\u2019un cours de danse partage d\u00e9sormais les m\u00eames locaux que son club de boxe. D\u2019abord [&hellip;]<\/p>\n","protected":false},"author":1,"featured_media":0,"parent":0,"menu_order":0,"comment_status":"closed","ping_status":"open","template":"","meta":{"footnotes":""},"class_list":["post-2","page","type-page","status-publish","hentry"],"_links":{"self":[{"href":"https:\/\/cineclubsablon.fr\/index.php?rest_route=\/wp\/v2\/pages\/2","targetHints":{"allow":["GET"]}}],"collection":[{"href":"https:\/\/cineclubsablon.fr\/index.php?rest_route=\/wp\/v2\/pages"}],"about":[{"href":"https:\/\/cineclubsablon.fr\/index.php?rest_route=\/wp\/v2\/types\/page"}],"author":[{"embeddable":true,"href":"https:\/\/cineclubsablon.fr\/index.php?rest_route=\/wp\/v2\/users\/1"}],"replies":[{"embeddable":true,"href":"https:\/\/cineclubsablon.fr\/index.php?rest_route=%2Fwp%2Fv2%2Fcomments&post=2"}],"version-history":[{"count":3,"href":"https:\/\/cineclubsablon.fr\/index.php?rest_route=\/wp\/v2\/pages\/2\/revisions"}],"predecessor-version":[{"id":49,"href":"https:\/\/cineclubsablon.fr\/index.php?rest_route=\/wp\/v2\/pages\/2\/revisions\/49"}],"wp:attachment":[{"href":"https:\/\/cineclubsablon.fr\/index.php?rest_route=%2Fwp%2Fv2%2Fmedia&parent=2"}],"curies":[{"name":"wp","href":"https:\/\/api.w.org\/{rel}","templated":true}]}}